{"id":1141,"date":"2020-12-05T14:21:55","date_gmt":"2020-12-05T13:21:55","guid":{"rendered":"https:\/\/www.platfohrm.com\/?page_id=1141"},"modified":"2024-12-30T10:46:39","modified_gmt":"2024-12-30T09:46:39","slug":"opleiding-interesse","status":"publish","type":"page","link":"https:\/\/www.platfohrm.com\/fr\/opleiding-interesse\/","title":{"rendered":"Int\u00e9r\u00eat pour la formation"},"content":{"rendered":"<div data-elementor-type=\"wp-page\" data-elementor-id=\"1141\" class=\"elementor elementor-1141\" data-elementor-post-type=\"page\">\n\t\t\t\t\t\t<section class=\"elementor-section elementor-top-section elementor-element elementor-element-db2d036 elementor-section-content-middle wbm_hero elementor-section-boxed elementor-section-height-default elementor-section-height-default\" data-id=\"db2d036\" data-element_type=\"section\" data-settings=\"{&quot;background_background&quot;:&quot;classic&quot;}\">\n\t\t\t\t\t\t<div class=\"elementor-container elementor-column-gap-default\">\n\t\t\t\t\t<div class=\"elementor-column elementor-col-100 elementor-top-column elementor-element elementor-element-3859698\" data-id=\"3859698\" data-element_type=\"column\">\n\t\t\t<div class=\"elementor-widget-wrap\">\n\t\t\t\t\t\t\t<\/div>\n\t\t<\/div>\n\t\t\t\t\t<\/div>\n\t\t<\/section>\n\t\t\t\t<section class=\"elementor-section elementor-top-section elementor-element elementor-element-f2bfa8b p_b_none elementor-section-boxed elementor-section-height-default elementor-section-height-default\" data-id=\"f2bfa8b\" data-element_type=\"section\">\n\t\t\t\t\t\t<div class=\"elementor-container elementor-column-gap-default\">\n\t\t\t\t\t<div class=\"elementor-column elementor-col-100 elementor-top-column elementor-element elementor-element-24284fd\" data-id=\"24284fd\" data-element_type=\"column\">\n\t\t\t<div class=\"elementor-widget-wrap elementor-element-populated\">\n\t\t\t\t\t\t<div class=\"elementor-element elementor-element-6af8ae6 p_l p_r elementor-widget__width-auto elementor-widget elementor-widget-image\" data-id=\"6af8ae6\" data-element_type=\"widget\" data-widget_type=\"image.default\">\n\t\t\t\t<div class=\"elementor-widget-container\">\n\t\t\t\t\t\t\t\t\t\t\t\t\t\t\t<img fetchpriority=\"high\" decoding=\"async\" width=\"800\" height=\"1267\" src=\"https:\/\/www.platfohrm.com\/wp-content\/uploads\/2020\/12\/icon-platfohrm-interesse_800.png\" class=\"attachment-full size-full wp-image-1129\" alt=\"icon platfohrm interesse contact\" srcset=\"https:\/\/www.platfohrm.com\/wp-content\/uploads\/2020\/12\/icon-platfohrm-interesse_800.png 800w, https:\/\/www.platfohrm.com\/wp-content\/uploads\/2020\/12\/icon-platfohrm-interesse_800-189x300.png 189w, https:\/\/www.platfohrm.com\/wp-content\/uploads\/2020\/12\/icon-platfohrm-interesse_800-768x1216.png 768w, https:\/\/www.platfohrm.com\/wp-content\/uploads\/2020\/12\/icon-platfohrm-interesse_800-647x1024.png 647w, https:\/\/www.platfohrm.com\/wp-content\/uploads\/2020\/12\/icon-platfohrm-interesse_800-8x12.png 8w\" sizes=\"(max-width: 800px) 100vw, 800px\" \/>\t\t\t\t\t\t\t\t\t\t\t\t\t\t\t<\/div>\n\t\t\t\t<\/div>\n\t\t\t\t<div class=\"elementor-element elementor-element-11fd4ac m_b_none fs_h2 lh_h2 elementor-widget__width-auto elementor-widget elementor-widget-heading\" data-id=\"11fd4ac\" data-element_type=\"widget\" data-widget_type=\"heading.default\">\n\t\t\t\t<div class=\"elementor-widget-container\">\n\t\t\t\t\t<h2 class=\"elementor-heading-title elementor-size-default\"><span class=\"c_secondary\">Int\u00e9ress\u00e9 par<\/span><br> un dossier personnel num\u00e9rique<\/h2>\t\t\t\t<\/div>\n\t\t\t\t<\/div>\n\t\t\t\t\t<\/div>\n\t\t<\/div>\n\t\t\t\t\t<\/div>\n\t\t<\/section>\n\t\t\t\t<section class=\"elementor-section elementor-top-section elementor-element elementor-element-118178c cw_medium elementor-section-boxed elementor-section-height-default elementor-section-height-default\" data-id=\"118178c\" data-element_type=\"section\">\n\t\t\t\t\t\t<div class=\"elementor-container elementor-column-gap-default\">\n\t\t\t\t\t<div class=\"elementor-column elementor-col-100 elementor-top-column elementor-element elementor-element-46c5446\" data-id=\"46c5446\" data-element_type=\"column\">\n\t\t\t<div class=\"elementor-widget-wrap elementor-element-populated\">\n\t\t\t\t\t\t<div class=\"elementor-element elementor-element-34cb589 elementor-widget elementor-widget-shortcode\" data-id=\"34cb589\" data-element_type=\"widget\" data-widget_type=\"shortcode.default\">\n\t\t\t\t<div class=\"elementor-widget-container\">\n\t\t\t\t\t\t\t<div class=\"elementor-shortcode\"><div class='fluentform ff-default fluentform_wrapper_5 ffs_default_wrap'><form data-form_id=\"5\" id=\"fluentform_5\" class=\"frm-fluent-form fluent_form_5 ff-el-form-top ff_form_instance_5_1 ff-form-loading ffs_default\" data-form_instance=\"ff_form_instance_5_1\" method=\"POST\" action=\"\" ><fieldset  style=\"border: none!important;margin: 0!important;padding: 0!important;background-color: transparent!important;box-shadow: none!important;outline: none!important; min-inline-size: 100%;\">\n                    <legend class=\"ff_screen_reader_title\" style=\"display: block; margin: 0!important;padding: 0!important;height: 0!important;text-indent: -999999px;width: 0!important;overflow:hidden;\">Formation int\u00e9ress\u00e9e<\/legend><input type='hidden' name='__fluent_form_embded_post_id' value='1141' \/><input type=\"hidden\" id=\"_fluentform_5_fluentformnonce\" name=\"_fluentform_5_fluentformnonce\" value=\"0213093a2e\" \/><input type=\"hidden\" name=\"_wp_http_referer\" value=\"\/fr\/wp-json\/wp\/v2\/pages\/1141\" \/><div class='ff-el-group'><div class=\"ff-el-input--label ff-el-is-required asterisk-right\"><label for='ff_5_input_text_2' aria-label=\"Int\u00e9r\u00eat pour la formation\">Int\u00e9r\u00eat pour la formation<\/label><\/div><div class='ff-el-input--content'><input type=\"text\" name=\"input_text_2\" value=\"\" class=\"ff-el-form-control\" data-name=\"input_text_2\" id=\"ff_5_input_text_2\"  aria-invalid=\"false\" aria-required=\"true\"><\/div><\/div><div data-type=\"name-element\" data-name=\"names\" class=\"ff-field_container ff-name-field-wrapper\" ><div class='ff-t-container'><div class='ff-t-cell'><div class='ff-el-group  ff-el-form-top'><div class=\"ff-el-input--label ff-el-is-required asterisk-right\"><label for='ff_5_names_first_name_' >Pr\u00e9nom<\/label><\/div><div class='ff-el-input--content'><input type=\"text\" name=\"names[first_name]\" id=\"ff_5_names_first_name_\" class=\"ff-el-form-control\" aria-invalid=\"false\" aria-required=\"true\"><\/div><\/div><\/div><div class='ff-t-cell'><div class='ff-el-group  ff-el-form-top'><div class=\"ff-el-input--label ff-el-is-required asterisk-right\"><label for='ff_5_names_last_name_' >Nom de famille<\/label><\/div><div class='ff-el-input--content'><input type=\"text\" name=\"names[last_name]\" id=\"ff_5_names_last_name_\" class=\"ff-el-form-control\" aria-invalid=\"false\" aria-required=\"true\"><\/div><\/div><\/div><\/div><\/div><div class='ff-el-group ff-el-form-top'><div class=\"ff-el-input--label ff-el-is-required asterisk-right\"><label for='ff_5_phone' aria-label=\"Telnr\">Telnr<\/label><\/div><div class='ff-el-input--content'><input name=\"phone\" class=\"ff-el-form-control ff-el-phone\" type=\"tel\" data-name=\"phone\" id=\"ff_5_phone\" inputmode=\"tel\"  aria-invalid='false' aria-required=\"true\"><\/div><\/div><div class='ff-el-group ff-el-form-top'><div class=\"ff-el-input--label ff-el-is-required asterisk-right\"><label for='ff_5_email' aria-label=\"Adresse \u00e9lectronique\">Adresse \u00e9lectronique<\/label><\/div><div class='ff-el-input--content'><input type=\"email\" name=\"email\" id=\"ff_5_email\" class=\"ff-el-form-control\" data-name=\"email\"  aria-invalid=\"false\" aria-required=\"true\"><\/div><\/div><div class='ff-el-group ff-el-form-top ff_list_inline'><div class=\"ff-el-input--label ff-el-is-required asterisk-right\"><label  aria-label=\"Comment pr\u00e9f\u00e9rez-vous \u00eatre contact\u00e9 par nous ?\">Comment pr\u00e9f\u00e9rez-vous \u00eatre contact\u00e9 par nous ?<\/label><\/div><div class='ff-el-input--content'><div class='ff-el-form-check ff-el-form-check-'><label class='ff-el-form-check-label' for=\"input_radio_1_acbb097aad9d74fa9ee843a50d422429\"><input  type=\"radio\" name=\"input_radio_1\" data-name=\"input_radio_1\" class=\"ff-el-form-check-input ff-el-form-check-radio\" value=\"via telefoon\"  id='input_radio_1_acbb097aad9d74fa9ee843a50d422429' aria-label='au t\u00e9l\u00e9phone' aria-invalid='false' aria-required=\"true\"> <span>au t\u00e9l\u00e9phone<\/span><\/label><\/div><div class='ff-el-form-check ff-el-form-check-'><label class='ff-el-form-check-label' for=\"input_radio_1_d0937802e6d5ce4ec38485aadc01d5c8\"><input  type=\"radio\" name=\"input_radio_1\" data-name=\"input_radio_1\" class=\"ff-el-form-check-input ff-el-form-check-radio\" value=\"via e-mail\"  id='input_radio_1_d0937802e6d5ce4ec38485aadc01d5c8' aria-label='par courrier \u00e9lectronique' aria-invalid='false' aria-required=\"true\"> <span>par courrier \u00e9lectronique<\/span><\/label><\/div><\/div><\/div><div class='ff-el-group ff-el-form-top'><div class=\"ff-el-input--label ff-el-is-required asterisk-right\"><label for='ff_5_input_text' aria-label=\"Nom de l&#039;organisation\">Nom de l'organisation<\/label><\/div><div class='ff-el-input--content'><input type=\"text\" name=\"input_text\" class=\"ff-el-form-control\" data-name=\"input_text\" id=\"ff_5_input_text\"  aria-invalid=\"false\" aria-required=\"true\"><\/div><\/div><div class='ff-el-group'><div class=\"ff-el-input--label ff-el-is-required asterisk-right\"><label for='ff_5_input_text_1' aria-label=\"Fonction\">Fonction<\/label><\/div><div class='ff-el-input--content'><input type=\"text\" name=\"input_text_1\" class=\"ff-el-form-control\" data-name=\"input_text_1\" id=\"ff_5_input_text_1\"  aria-invalid=\"false\" aria-required=\"true\"><\/div><\/div><div class='ff-el-group' ><div class='ff-el-input--content'><div data-fluent_id='5' name='g-recaptcha-response'><div\n\t\tdata-sitekey='6LdKb2QaAAAAANUrsUazofOS3QO9ssYKSALHksBh'\n\t\tid='fluentform-recaptcha-5-1'\n\t\tclass='ff-el-recaptcha g-recaptcha'\n\t\tdata-callback='fluentFormrecaptchaSuccessCallback'><\/div><\/div><\/div><\/div><div class='ff-el-group ff-text-left ff_submit_btn_wrapper'><button type=\"submit\" class=\"ff-btn ff-btn-submit ff-btn-md ff_btn_style\" >J'aimerais avoir plus d'informations !<\/button><\/div><\/fieldset><input type=\"hidden\" name=\"trp-form-language\" value=\"fr\"\/><\/form><div id='fluentform_5_errors' class='ff-errors-in-stack ff_form_instance_5_1 ff-form-loading_errors ff_form_instance_5_1_errors'><\/div><\/div>        <script type=\"text\/javascript\">\n            window.fluent_form_ff_form_instance_5_1 = {\"id\":\"5\",\"settings\":{\"layout\":{\"labelPlacement\":\"top\",\"helpMessagePlacement\":\"with_label\",\"errorMessagePlacement\":\"inline\",\"asteriskPlacement\":\"asterisk-right\"},\"restrictions\":{\"denyEmptySubmission\":{\"enabled\":false}}},\"form_instance\":\"ff_form_instance_5_1\",\"form_id_selector\":\"fluentform_5\",\"rules\":{\"input_text_2\":{\"required\":{\"value\":true,\"message\":\"Dit veld is verplicht!\"}},\"names[first_name]\":{\"required\":{\"value\":true,\"message\":\"Dit veld is verplicht!\"}},\"names[middle_name]\":{\"required\":{\"value\":false,\"message\":\"Dit veld is verplicht!\"}},\"names[last_name]\":{\"required\":{\"value\":true,\"message\":\"Dit veld is verplicht!\"}},\"phone\":{\"required\":{\"value\":true,\"message\":\"Dit veld is verplicht\"},\"valid_phone_number\":{\"value\":false,\"message\":\"Telefoonnummer is niet geldig\"}},\"email\":{\"required\":{\"value\":true,\"message\":\"Dit veld is verplicht!\"},\"email\":{\"value\":true,\"message\":\"Dit veld moet een geldig e-mailadres bevatten\"}},\"input_radio_1\":{\"required\":{\"value\":true,\"message\":\"Dit veld is verplicht!\"}},\"input_text\":{\"required\":{\"value\":true,\"message\":\"Dit veld is verplicht!\"}},\"input_text_1\":{\"required\":{\"value\":true,\"message\":\"Dit veld is verplicht!\"}},\"recaptcha\":[]},\"debounce_time\":300};\n                    <\/script>\n        <\/div>\n\t\t\t\t\t\t<\/div>\n\t\t\t\t<\/div>\n\t\t\t\t\t<\/div>\n\t\t<\/div>\n\t\t\t\t\t<\/div>\n\t\t<\/section>\n\t\t\t\t<\/div>","protected":false},"excerpt":{"rendered":"","protected":false},"author":6,"featured_media":0,"parent":0,"menu_order":0,"comment_status":"closed","ping_status":"closed","template":"","meta":{"footnotes":""},"class_list":["post-1141","page","type-page","status-publish","hentry"],"acf":[],"yoast_head":"<!-- This site is optimized with the Yoast SEO plugin v25.5 - https:\/\/yoast.com\/wordpress\/plugins\/seo\/ -->\n<title>Opleiding Interesse - Platfohrm<\/title>\n<meta name=\"robots\" content=\"index, follow, max-snippet:-1, max-image-preview:large, max-video-preview:-1\" \/>\n<link rel=\"canonical\" href=\"https:\/\/www.platfohrm.com\/fr\/opleiding-interesse\/\" \/>\n<meta property=\"og:locale\" content=\"fr_FR\" \/>\n<meta property=\"og:type\" content=\"article\" \/>\n<meta property=\"og:title\" content=\"Opleiding Interesse - Platfohrm\" \/>\n<meta property=\"og:url\" content=\"https:\/\/www.platfohrm.com\/fr\/opleiding-interesse\/\" \/>\n<meta property=\"og:site_name\" content=\"Platfohrm\" \/>\n<meta property=\"article:modified_time\" content=\"2024-12-30T09:46:39+00:00\" \/>\n<meta property=\"og:image\" content=\"https:\/\/www.platfohrm.com\/wp-content\/uploads\/2020\/12\/icon-platfohrm-interesse_800.png\" \/>\n<meta name=\"twitter:card\" content=\"summary_large_image\" \/>\n<script type=\"application\/ld+json\" class=\"yoast-schema-graph\">{\"@context\":\"https:\/\/schema.org\",\"@graph\":[{\"@type\":\"WebPage\",\"@id\":\"https:\/\/www.platfohrm.com\/opleiding-interesse\/\",\"url\":\"https:\/\/www.platfohrm.com\/opleiding-interesse\/\",\"name\":\"Opleiding Interesse - Platfohrm\",\"isPartOf\":{\"@id\":\"https:\/\/www.platfohrm.com\/fr\/#website\"},\"primaryImageOfPage\":{\"@id\":\"https:\/\/www.platfohrm.com\/opleiding-interesse\/#primaryimage\"},\"image\":{\"@id\":\"https:\/\/www.platfohrm.com\/opleiding-interesse\/#primaryimage\"},\"thumbnailUrl\":\"https:\/\/www.platfohrm.com\/wp-content\/uploads\/2020\/12\/icon-platfohrm-interesse_800.png\",\"datePublished\":\"2020-12-05T13:21:55+00:00\",\"dateModified\":\"2024-12-30T09:46:39+00:00\",\"breadcrumb\":{\"@id\":\"https:\/\/www.platfohrm.com\/opleiding-interesse\/#breadcrumb\"},\"inLanguage\":\"fr-FR\",\"potentialAction\":[{\"@type\":\"ReadAction\",\"target\":[\"https:\/\/www.platfohrm.com\/opleiding-interesse\/\"]}]},{\"@type\":\"ImageObject\",\"inLanguage\":\"fr-FR\",\"@id\":\"https:\/\/www.platfohrm.com\/opleiding-interesse\/#primaryimage\",\"url\":\"https:\/\/www.platfohrm.com\/wp-content\/uploads\/2020\/12\/icon-platfohrm-interesse_800.png\",\"contentUrl\":\"https:\/\/www.platfohrm.com\/wp-content\/uploads\/2020\/12\/icon-platfohrm-interesse_800.png\"},{\"@type\":\"BreadcrumbList\",\"@id\":\"https:\/\/www.platfohrm.com\/opleiding-interesse\/#breadcrumb\",\"itemListElement\":[{\"@type\":\"ListItem\",\"position\":1,\"name\":\"Home\",\"item\":\"https:\/\/www.platfohrm.com\/fr\/\"},{\"@type\":\"ListItem\",\"position\":2,\"name\":\"Opleiding Interesse\"}]},{\"@type\":\"WebSite\",\"@id\":\"https:\/\/www.platfohrm.com\/fr\/#website\",\"url\":\"https:\/\/www.platfohrm.com\/fr\/\",\"name\":\"Platfohrm\",\"description\":\"\",\"publisher\":{\"@id\":\"https:\/\/www.platfohrm.com\/fr\/#organization\"},\"potentialAction\":[{\"@type\":\"SearchAction\",\"target\":{\"@type\":\"EntryPoint\",\"urlTemplate\":\"https:\/\/www.platfohrm.com\/fr\/?s={search_term_string}\"},\"query-input\":{\"@type\":\"PropertyValueSpecification\",\"valueRequired\":true,\"valueName\":\"search_term_string\"}}],\"inLanguage\":\"fr-FR\"},{\"@type\":\"Organization\",\"@id\":\"https:\/\/www.platfohrm.com\/fr\/#organization\",\"name\":\"Platfohrm\",\"url\":\"https:\/\/www.platfohrm.com\/fr\/\",\"logo\":{\"@type\":\"ImageObject\",\"inLanguage\":\"fr-FR\",\"@id\":\"https:\/\/www.platfohrm.com\/fr\/#\/schema\/logo\/image\/\",\"url\":\"https:\/\/www.platfohrm.com\/wp-content\/uploads\/2020\/02\/Logo_Platfohrm_the_HR_ecosystem-removebg-preview.png\",\"contentUrl\":\"https:\/\/www.platfohrm.com\/wp-content\/uploads\/2020\/02\/Logo_Platfohrm_the_HR_ecosystem-removebg-preview.png\",\"width\":996,\"height\":250,\"caption\":\"Platfohrm\"},\"image\":{\"@id\":\"https:\/\/www.platfohrm.com\/fr\/#\/schema\/logo\/image\/\"},\"sameAs\":[\"https:\/\/www.linkedin.com\/company\/platfohrm1\"]}]}<\/script>\n<!-- \/ Yoast SEO plugin. -->","yoast_head_json":{"title":"Opleiding Interesse - Platfohrm","robots":{"index":"index","follow":"follow","max-snippet":"max-snippet:-1","max-image-preview":"max-image-preview:large","max-video-preview":"max-video-preview:-1"},"canonical":"https:\/\/www.platfohrm.com\/fr\/opleiding-interesse\/","og_locale":"fr_FR","og_type":"article","og_title":"Opleiding Interesse - Platfohrm","og_url":"https:\/\/www.platfohrm.com\/fr\/opleiding-interesse\/","og_site_name":"Platfohrm","article_modified_time":"2024-12-30T09:46:39+00:00","og_image":[{"url":"https:\/\/www.platfohrm.com\/wp-content\/uploads\/2020\/12\/icon-platfohrm-interesse_800.png","type":"","width":"","height":""}],"twitter_card":"summary_large_image","schema":{"@context":"https:\/\/schema.org","@graph":[{"@type":"WebPage","@id":"https:\/\/www.platfohrm.com\/opleiding-interesse\/","url":"https:\/\/www.platfohrm.com\/opleiding-interesse\/","name":"Opleiding Interesse - Platfohrm","isPartOf":{"@id":"https:\/\/www.platfohrm.com\/fr\/#website"},"primaryImageOfPage":{"@id":"https:\/\/www.platfohrm.com\/opleiding-interesse\/#primaryimage"},"image":{"@id":"https:\/\/www.platfohrm.com\/opleiding-interesse\/#primaryimage"},"thumbnailUrl":"https:\/\/www.platfohrm.com\/wp-content\/uploads\/2020\/12\/icon-platfohrm-interesse_800.png","datePublished":"2020-12-05T13:21:55+00:00","dateModified":"2024-12-30T09:46:39+00:00","breadcrumb":{"@id":"https:\/\/www.platfohrm.com\/opleiding-interesse\/#breadcrumb"},"inLanguage":"fr-FR","potentialAction":[{"@type":"ReadAction","target":["https:\/\/www.platfohrm.com\/opleiding-interesse\/"]}]},{"@type":"ImageObject","inLanguage":"fr-FR","@id":"https:\/\/www.platfohrm.com\/opleiding-interesse\/#primaryimage","url":"https:\/\/www.platfohrm.com\/wp-content\/uploads\/2020\/12\/icon-platfohrm-interesse_800.png","contentUrl":"https:\/\/www.platfohrm.com\/wp-content\/uploads\/2020\/12\/icon-platfohrm-interesse_800.png"},{"@type":"BreadcrumbList","@id":"https:\/\/www.platfohrm.com\/opleiding-interesse\/#breadcrumb","itemListElement":[{"@type":"ListItem","position":1,"name":"Home","item":"https:\/\/www.platfohrm.com\/fr\/"},{"@type":"ListItem","position":2,"name":"Opleiding Interesse"}]},{"@type":"WebSite","@id":"https:\/\/www.platfohrm.com\/fr\/#website","url":"https:\/\/www.platfohrm.com\/fr\/","name":"Platfohrm","description":"","publisher":{"@id":"https:\/\/www.platfohrm.com\/fr\/#organization"},"potentialAction":[{"@type":"SearchAction","target":{"@type":"EntryPoint","urlTemplate":"https:\/\/www.platfohrm.com\/fr\/?s={search_term_string}"},"query-input":{"@type":"PropertyValueSpecification","valueRequired":true,"valueName":"search_term_string"}}],"inLanguage":"fr-FR"},{"@type":"Organization","@id":"https:\/\/www.platfohrm.com\/fr\/#organization","name":"Platfohrm","url":"https:\/\/www.platfohrm.com\/fr\/","logo":{"@type":"ImageObject","inLanguage":"fr-FR","@id":"https:\/\/www.platfohrm.com\/fr\/#\/schema\/logo\/image\/","url":"https:\/\/www.platfohrm.com\/wp-content\/uploads\/2020\/02\/Logo_Platfohrm_the_HR_ecosystem-removebg-preview.png","contentUrl":"https:\/\/www.platfohrm.com\/wp-content\/uploads\/2020\/02\/Logo_Platfohrm_the_HR_ecosystem-removebg-preview.png","width":996,"height":250,"caption":"Platfohrm"},"image":{"@id":"https:\/\/www.platfohrm.com\/fr\/#\/schema\/logo\/image\/"},"sameAs":["https:\/\/www.linkedin.com\/company\/platfohrm1"]}]}},"_links":{"self":[{"href":"https:\/\/www.platfohrm.com\/fr\/wp-json\/wp\/v2\/pages\/1141","targetHints":{"allow":["GET"]}}],"collection":[{"href":"https:\/\/www.platfohrm.com\/fr\/wp-json\/wp\/v2\/pages"}],"about":[{"href":"https:\/\/www.platfohrm.com\/fr\/wp-json\/wp\/v2\/types\/page"}],"author":[{"embeddable":true,"href":"https:\/\/www.platfohrm.com\/fr\/wp-json\/wp\/v2\/users\/6"}],"replies":[{"embeddable":true,"href":"https:\/\/www.platfohrm.com\/fr\/wp-json\/wp\/v2\/comments?post=1141"}],"version-history":[{"count":0,"href":"https:\/\/www.platfohrm.com\/fr\/wp-json\/wp\/v2\/pages\/1141\/revisions"}],"wp:attachment":[{"href":"https:\/\/www.platfohrm.com\/fr\/wp-json\/wp\/v2\/media?parent=1141"}],"curies":[{"name":"wp","href":"https:\/\/api.w.org\/{rel}","templated":true}]}}