{"id":173,"date":"2020-09-11T09:29:18","date_gmt":"2020-09-11T07:29:18","guid":{"rendered":"https:\/\/www.platfohrm.com\/?page_id=173"},"modified":"2025-01-27T09:32:48","modified_gmt":"2025-01-27T08:32:48","slug":"hris","status":"publish","type":"page","link":"https:\/\/www.platfohrm.com\/fr\/hris\/","title":{"rendered":"SIRH"},"content":{"rendered":"<div data-elementor-type=\"wp-page\" data-elementor-id=\"173\" class=\"elementor elementor-173\" data-elementor-post-type=\"page\">\n\t\t\t\t<div class=\"elementor-element elementor-element-f771b4c e-flex e-con-boxed e-con e-parent\" data-id=\"f771b4c\" data-element_type=\"container\">\n\t\t\t\t\t<div class=\"e-con-inner\">\n\t\t<div class=\"elementor-element elementor-element-1ce5805 e-con-full e-flex e-con e-child\" data-id=\"1ce5805\" data-element_type=\"container\">\n\t\t\t\t<\/div>\n\t\t<div class=\"elementor-element elementor-element-6f56c75 e-con-full e-flex e-con e-child\" data-id=\"6f56c75\" data-element_type=\"container\">\n\t\t\t\t<div class=\"elementor-element elementor-element-2dc4c13 elementor-widget elementor-widget-text-editor\" data-id=\"2dc4c13\" data-element_type=\"widget\" data-widget_type=\"text-editor.default\">\n\t\t\t\t<div class=\"elementor-widget-container\">\n\t\t\t\t\t\t\t\t\t<h2 style=\"text-align: center;\"><span style=\"color: #2d8fc6;\">HUMAN RESOURCE INFORMATION SYSTEM<\/span><\/h2>\t\t\t\t\t\t\t\t<\/div>\n\t\t\t\t<\/div>\n\t\t\t\t<\/div>\n\t\t<div class=\"elementor-element elementor-element-8920cf9 e-con-full e-flex e-con e-child\" data-id=\"8920cf9\" data-element_type=\"container\">\n\t\t\t\t<\/div>\n\t\t\t\t\t<\/div>\n\t\t\t\t<\/div>\n\t\t<div class=\"elementor-element elementor-element-03dac1c e-flex e-con-boxed e-con e-parent\" data-id=\"03dac1c\" data-element_type=\"container\">\n\t\t\t\t\t<div class=\"e-con-inner\">\n\t\t<div class=\"elementor-element elementor-element-4aa0bfc e-con-full e-flex e-con e-child\" data-id=\"4aa0bfc\" data-element_type=\"container\">\n\t\t<div class=\"elementor-element elementor-element-7fcaa66 e-con-full e-flex e-con e-child\" data-id=\"7fcaa66\" data-element_type=\"container\">\n\t\t\t\t<div class=\"elementor-element elementor-element-d625e7c elementor-widget__width-initial elementor-widget elementor-widget-image\" data-id=\"d625e7c\" data-element_type=\"widget\" data-widget_type=\"image.default\">\n\t\t\t\t<div class=\"elementor-widget-container\">\n\t\t\t\t\t\t\t\t\t\t\t\t\t\t\t<img fetchpriority=\"high\" decoding=\"async\" width=\"300\" height=\"224\" src=\"https:\/\/www.platfohrm.com\/wp-content\/uploads\/2024\/08\/PF2-300x224.jpg\" class=\"attachment-medium size-medium wp-image-8919\" alt=\"Platfohrm kantoormedewerker integrate the hr ecosystem\" srcset=\"https:\/\/www.platfohrm.com\/wp-content\/uploads\/2024\/08\/PF2-300x224.jpg 300w, https:\/\/www.platfohrm.com\/wp-content\/uploads\/2024\/08\/PF2-1024x763.jpg 1024w, https:\/\/www.platfohrm.com\/wp-content\/uploads\/2024\/08\/PF2-768x572.jpg 768w, https:\/\/www.platfohrm.com\/wp-content\/uploads\/2024\/08\/PF2-1536x1145.jpg 1536w, https:\/\/www.platfohrm.com\/wp-content\/uploads\/2024\/08\/PF2-16x12.jpg 16w, https:\/\/www.platfohrm.com\/wp-content\/uploads\/2024\/08\/PF2.jpg 1857w\" sizes=\"(max-width: 300px) 100vw, 300px\" \/>\t\t\t\t\t\t\t\t\t\t\t\t\t\t\t<\/div>\n\t\t\t\t<\/div>\n\t\t\t\t<\/div>\n\t\t<div class=\"elementor-element elementor-element-5e162be e-con-full e-flex e-con e-child\" data-id=\"5e162be\" data-element_type=\"container\">\n\t\t\t\t<div class=\"elementor-element elementor-element-e3a15ed elementor-widget__width-initial elementor-widget elementor-widget-text-editor\" data-id=\"e3a15ed\" data-element_type=\"widget\" data-widget_type=\"text-editor.default\">\n\t\t\t\t<div class=\"elementor-widget-container\">\n\t\t\t\t\t\t\t\t\t<p style=\"text-align: center;\"><span style=\"text-align: center;\">We bieden meer aan dan enkel HR-software, we hebben een kant en klare oplossing gebouwd aan de hand van best HR-practices. HRIS is een <\/span><span style=\"font-weight: bold; text-align: center;\">SOLUTION STANDARD<\/span><span style=\"text-align: center;\"> opgebouwd op basis van <strong>6 MODULES<\/strong>.<\/span><\/p>\t\t\t\t\t\t\t\t<\/div>\n\t\t\t\t<\/div>\n\t\t\t\t<\/div>\n\t\t<div class=\"elementor-element elementor-element-f35e1e9 e-con-full e-flex e-con e-child\" data-id=\"f35e1e9\" data-element_type=\"container\">\n\t\t\t\t<div class=\"elementor-element elementor-element-16502a0 elementor-widget__width-initial elementor-align-center elementor-widget elementor-widget-button\" data-id=\"16502a0\" data-element_type=\"widget\" data-widget_type=\"button.default\">\n\t\t\t\t<div class=\"elementor-widget-container\">\n\t\t\t\t\t\t\t\t\t<div class=\"elementor-button-wrapper\">\n\t\t\t\t\t<a class=\"elementor-button elementor-button-link elementor-size-sm\" href=\"https:\/\/www.platfohrm.com\/fr\/onboard-the-hr-ecosystem\/\">\n\t\t\t\t\t\t<span class=\"elementor-button-content-wrapper\">\n\t\t\t\t\t\t\t\t\t<span class=\"elementor-button-text\">Implementatie<\/span>\n\t\t\t\t\t<\/span>\n\t\t\t\t\t<\/a>\n\t\t\t\t<\/div>\n\t\t\t\t\t\t\t\t<\/div>\n\t\t\t\t<\/div>\n\t\t\t\t<\/div>\n\t\t\t\t<\/div>\n\t\t\t\t\t<\/div>\n\t\t\t\t<\/div>\n\t\t<div class=\"elementor-element elementor-element-45fe963 e-flex e-con-boxed e-con e-parent\" data-id=\"45fe963\" data-element_type=\"container\">\n\t\t\t\t\t<div class=\"e-con-inner\">\n\t\t<div class=\"elementor-element elementor-element-76b1b22 e-flex e-con-boxed elementor-invisible e-con e-child\" data-id=\"76b1b22\" data-element_type=\"container\" data-settings=\"{&quot;animation&quot;:&quot;fadeInLeft&quot;}\">\n\t\t\t\t\t<div class=\"e-con-inner\">\n\t\t\t\t<div class=\"elementor-element elementor-element-4bb89d3 elementor-widget elementor-widget-html\" data-id=\"4bb89d3\" data-element_type=\"widget\" data-widget_type=\"html.default\">\n\t\t\t\t<div class=\"elementor-widget-container\">\n\t\t\t\t\t<div class=\"wbm_blokjes simple\">\n    <div class=\"blok\">\n        <div class=\"front\">\n            <img decoding=\"async\" src=\"\/wp-content\/uploads\/2020\/10\/icon-advantages-digital-personnel-file.png\">\n            <div class=\"content_wrapper\">\n                <div class=\"title\">\n                    Dossier personnel num\u00e9rique\n                <\/div>\n                <div class=\"description\">\n                    Toutes les donn\u00e9es des employ\u00e9s num\u00e9riquement dans un seul endroit central - la preuve de GDPR !\n                <\/div>\n            <\/div>\n        <\/div>\n        <div class=\"back\">\n            <a href=\"\/fr\/hrm-pakket\/digitaal-personeelsdossier\/\">\n                <ul class=\"features\">\n                <li>\n                    En ligne\n                <\/li>\n                <li>\n                    En 1 lieu\n                <\/li>\n                <li>\n                    Preuve du PIBR\n                <\/li>\n                <li>\n                    Documents E-Model\n                <\/li>\n                <li>\n                    Rapports\n                <\/li>\n                <li>\n                    Donn\u00e9es relatives au personnel\n                <\/li>\n                <li>\n                    Flux de travail\n                <\/li>\n                <li>\n                    Libre-service pour les employ\u00e9s\n                <\/li>\n            <\/ul>\n            <img decoding=\"async\" src=\"\/wp-content\/uploads\/2020\/10\/Navigation-Right-Circle-1-Alternate-1.png\">\n            <\/a>\n        <\/div>\n    <\/div>\n    <div class=\"blok\">\n        <div class=\"front\">\n            <img decoding=\"async\" src=\"\/wp-content\/uploads\/2020\/10\/icon-loonpakket.png\">\n            <div class=\"content_wrapper\">\n                <div class=\"title\">\n                    Verloning & voordelen\n                <\/div>\n                <div class=\"description\">\n                    Personal Benefit Statement inclusief ge\u00efndivualiseerde arbeidsvoorwaarden.\n                <\/div>\n            <\/div>\n        <\/div>\n        <div class=\"back\">\n            <a href=\"\/fr\/hrm-pakket\/verloning-&-voordelen\/\">\n                <ul class=\"features\">\n                <li>\n                    Salaire\n                <\/li>\n                <li>\n                    Fermeture de la paie\n                <\/li>\n                <li>\n                    Un salaire flexible gr\u00e2ce \u00e0 un plan de caf\u00e9t\u00e9ria\n                <\/li>\n                <li>\n                    Budget de la mobilit\u00e9\n                <\/li>\n                <li>\n                    Ressources de travail\n                <\/li>\n                <li>\n                    Avantages extral\u00e9gaux\n                <\/li>\n                <li>\n                    Libre-service pour les employ\u00e9s\n                <\/li>\n            <\/ul>\n            <img decoding=\"async\" src=\"\/wp-content\/uploads\/2020\/10\/Navigation-Right-Circle-1-Alternate-1.png\">\n            <\/a>\n     <\/div>       \n    <\/div>\n    <div class=\"blok\">\n        <div class=\"front\">\n            <img decoding=\"async\" src=\"\/wp-content\/uploads\/2020\/10\/icon-tijd.png\">\n            <div class=\"content_wrapper\">\n                <div class=\"title\">\n                    Aan- & afwezigheden\n                <\/div>\n                <div class=\"description\">\n                    Un syst\u00e8me fiable d'enregistrement du temps \u00e9vite les discussions (juridiques).\n                <\/div>\n            <\/div>\n        <\/div>\n        <div class=\"back\">\n            <a href=\"\/fr\/hrm-pakket\/aan-&-afwezigheden\/\">\n                <ul class=\"features\">\n                <li>\n                    Horloge\n                <\/li>\n                <li>\n                    Jours f\u00e9ri\u00e9s\n                <\/li>\n                <li>\n                    Options de cong\u00e9\n                <\/li>\n                <li>\n                    Absent\u00e9isme (gestion)\n                <\/li>\n                <li>\n                    Tableaux de bord en temps r\u00e9el\n                <\/li>\n                <li>\n                    Libre-service pour les employ\u00e9s\n                <\/li>\n            <\/ul>\n            <img decoding=\"async\" src=\"\/wp-content\/uploads\/2020\/10\/Navigation-Right-Circle-1-Alternate-1.png\">\n            <\/a>\n        <\/div>\n    <\/div><\/div>\t\t\t\t<\/div>\n\t\t\t\t<\/div>\n\t\t\t\t\t<\/div>\n\t\t\t\t<\/div>\n\t\t\t\t\t<\/div>\n\t\t\t\t<\/div>\n\t\t<div class=\"elementor-element elementor-element-63c7992 e-flex e-con-boxed e-con e-parent\" data-id=\"63c7992\" data-element_type=\"container\">\n\t\t\t\t\t<div class=\"e-con-inner\">\n\t\t<div class=\"elementor-element elementor-element-0252d9d e-flex e-con-boxed elementor-invisible e-con e-child\" data-id=\"0252d9d\" data-element_type=\"container\" data-settings=\"{&quot;animation&quot;:&quot;fadeInRight&quot;}\">\n\t\t\t\t\t<div class=\"e-con-inner\">\n\t\t\t\t<div class=\"elementor-element elementor-element-1a4fd52 elementor-widget elementor-widget-html\" data-id=\"1a4fd52\" data-element_type=\"widget\" data-widget_type=\"html.default\">\n\t\t\t\t<div class=\"elementor-widget-container\">\n\t\t\t\t\t<div class=\"wbm_blokjes simple\">\n    <div class=\"blok\">\n        <div class=\"front\">\n            <img decoding=\"async\" src=\"\/wp-content\/uploads\/2020\/10\/icon-advantages-digital-personnel-file.png\">\n            <div class=\"content_wrapper\">\n                <div class=\"title\">\n                    Aanwervingen\n                <\/div>\n                <div class=\"description\">\n                    Van creatie vacature tot contractvoorstel en full boarding\n                <\/div>\n            <\/div>\n        <\/div>\n        <div class=\"back\">\n            <a href=\"\/fr\/hrm-pakket\/aanwervingen\/\">\n                <ul class=\"features\">\n                <li>\n                    Employer branding\n                <\/li>\n                <li>\n                    Aanmaak vacatures & posting\n                <\/li>\n                <li>\n                    Interviews\n                <\/li>\n                <li>\n                    (Online) assessments\n                <\/li>\n                <li>\n                    Digitale contractvoorstellen\n                <\/li>\n                <li>\n                    Full boarding\n                <\/li>\n                <li>\n                    Libre-service pour les employ\u00e9s\n                <\/li>\n            <\/ul>\n            <img decoding=\"async\" src=\"\/wp-content\/uploads\/2020\/10\/Navigation-Right-Circle-1-Alternate-1.png\">\n            <\/a>\n        <\/div>\n    <\/div>\n    <div class=\"blok\">\n        <div class=\"front\">\n            <img decoding=\"async\" src=\"\/wp-content\/uploads\/2020\/10\/icon-loonpakket.png\">\n            <div class=\"content_wrapper\">\n                <div class=\"title\">\n                    Leren & ontwikkelen\n                <\/div>\n                <div class=\"description\">\n                    Een lerende en toekomstbestendige organisatie.\n                <\/div>\n            <\/div>\n        <\/div>\n        <div class=\"back\">\n            <a href=\"\/fr\/hrm-pakket\/leren-&-ontwikkelen\/\">\n                <ul class=\"features\">\n                <li>\n                    Opleiding & trainingen\n                <\/li>\n                <li>\n                    Certificats\n                <\/li>\n                <li>\n                    Verbeteren competenties\n                <\/li>\n                <li>\n                    Verbeteren vaardigheden\n                <\/li>\n                <li>\n                    Continue ontwikkeling\n                <\/li>\n                <li>\n                    Sociale balans\n                <\/li>\n                <li>\n                    Libre-service pour les employ\u00e9s\n                <\/li>\n            <\/ul>\n            <img decoding=\"async\" src=\"\/wp-content\/uploads\/2020\/10\/Navigation-Right-Circle-1-Alternate-1.png\">\n            <\/a>\n        <\/div>\n    <\/div>\n    <div class=\"blok\">\n        <div class=\"front\">\n            <img decoding=\"async\" src=\"\/wp-content\/uploads\/2020\/10\/icon-soft-hr.png\">\n            <div class=\"content_wrapper\">\n                <div class=\"title\">\n                    Gestion des performances\n                <\/div>\n                <div class=\"description\">\n                    Doelstellingen, loopbaanontwikkeling en successieplanning \n                <\/div>\n            <\/div>\n        <\/div>\n        <div class=\"back\">\n            <a href=\"\/fr\/hrm-pakket\/prestatiemanagement\/\">\n                <ul class=\"features\">\n                <li>\n                    Comp\u00e9tences\n                <\/li>\n                <li>\n                    Funtiebeschrijvingen\n                <\/li>\n                <li>\n                    POP\n                <\/li>\n                <li>\n                    Doelstellingen\n                <\/li>\n                <li>\n                    Beoordelingen & feedback gesprekken\n                <\/li>\n                <li>\n                    Libre-service pour les employ\u00e9s\n                <\/li>\n            <\/ul>\n            <img decoding=\"async\" src=\"\/wp-content\/uploads\/2020\/10\/Navigation-Right-Circle-1-Alternate-1.png\">\n            <\/a>\t\t\t\t<\/div>\n\t\t\t\t<\/div>\n\t\t\t\t\t<\/div>\n\t\t\t\t<\/div>\n\t\t\t\t\t<\/div>\n\t\t\t\t<\/div>\n\t\t\t\t<\/div>","protected":false},"excerpt":{"rendered":"<p>HUMAN RESOURCE INFORMATION SYSTEM We bieden meer aan dan enkel HR-software, we hebben een kant en klare oplossing gebouwd aan de hand van best HR-practices. HRIS is een STANDAARDOPLOSSING opgebouwd op basis van 6 MODULES. Implementatie Digitaal personeelsdossier Alle personeelsgegevens digitaal op \u00e9\u00e9n centrale plaats GDPR proof! Online Op 1 plaats GDPR Proof E-Modeldocumenten Rapportering [&hellip;]<\/p>","protected":false},"author":7,"featured_media":0,"parent":0,"menu_order":3,"comment_status":"closed","ping_status":"closed","template":"","meta":{"footnotes":""},"class_list":["post-173","page","type-page","status-publish","hentry"],"acf":[],"yoast_head":"<!-- This site is optimized with the Yoast SEO plugin v25.5 - https:\/\/yoast.com\/wordpress\/plugins\/seo\/ -->\n<title>HRIS - Platfohrm<\/title>\n<meta name=\"robots\" content=\"index, follow, max-snippet:-1, max-image-preview:large, max-video-preview:-1\" \/>\n<link rel=\"canonical\" href=\"https:\/\/www.platfohrm.com\/fr\/hris\/\" \/>\n<meta property=\"og:locale\" content=\"fr_FR\" \/>\n<meta property=\"og:type\" content=\"article\" \/>\n<meta property=\"og:title\" content=\"HRIS - Platfohrm\" \/>\n<meta property=\"og:description\" content=\"HUMAN RESOURCE INFORMATION SYSTEM We bieden meer aan dan enkel HR-software, we hebben een kant en klare oplossing gebouwd aan de hand van best HR-practices. HRIS is een STANDAARDOPLOSSING opgebouwd op basis van 6 MODULES. Implementatie Digitaal personeelsdossier Alle personeelsgegevens digitaal op \u00e9\u00e9n centrale plaats GDPR proof! Online Op 1 plaats GDPR Proof E-Modeldocumenten Rapportering [&hellip;]\" \/>\n<meta property=\"og:url\" content=\"https:\/\/www.platfohrm.com\/fr\/hris\/\" \/>\n<meta property=\"og:site_name\" content=\"Platfohrm\" \/>\n<meta property=\"article:modified_time\" content=\"2025-01-27T08:32:48+00:00\" \/>\n<meta property=\"og:image\" content=\"https:\/\/www.platfohrm.com\/wp-content\/uploads\/2024\/08\/PF2-300x224.jpg\" \/>\n<meta name=\"twitter:card\" content=\"summary_large_image\" \/>\n<meta name=\"twitter:label1\" content=\"Dur\u00e9e de lecture estim\u00e9e\" \/>\n\t<meta name=\"twitter:data1\" content=\"1 minute\" \/>\n<script type=\"application\/ld+json\" class=\"yoast-schema-graph\">{\"@context\":\"https:\/\/schema.org\",\"@graph\":[{\"@type\":\"WebPage\",\"@id\":\"https:\/\/www.platfohrm.com\/hris\/\",\"url\":\"https:\/\/www.platfohrm.com\/hris\/\",\"name\":\"HRIS - Platfohrm\",\"isPartOf\":{\"@id\":\"https:\/\/www.platfohrm.com\/fr\/#website\"},\"primaryImageOfPage\":{\"@id\":\"https:\/\/www.platfohrm.com\/hris\/#primaryimage\"},\"image\":{\"@id\":\"https:\/\/www.platfohrm.com\/hris\/#primaryimage\"},\"thumbnailUrl\":\"https:\/\/www.platfohrm.com\/wp-content\/uploads\/2024\/08\/PF2-300x224.jpg\",\"datePublished\":\"2020-09-11T07:29:18+00:00\",\"dateModified\":\"2025-01-27T08:32:48+00:00\",\"breadcrumb\":{\"@id\":\"https:\/\/www.platfohrm.com\/hris\/#breadcrumb\"},\"inLanguage\":\"fr-FR\",\"potentialAction\":[{\"@type\":\"ReadAction\",\"target\":[\"https:\/\/www.platfohrm.com\/hris\/\"]}]},{\"@type\":\"ImageObject\",\"inLanguage\":\"fr-FR\",\"@id\":\"https:\/\/www.platfohrm.com\/hris\/#primaryimage\",\"url\":\"https:\/\/www.platfohrm.com\/wp-content\/uploads\/2024\/08\/PF2-300x224.jpg\",\"contentUrl\":\"https:\/\/www.platfohrm.com\/wp-content\/uploads\/2024\/08\/PF2-300x224.jpg\"},{\"@type\":\"BreadcrumbList\",\"@id\":\"https:\/\/www.platfohrm.com\/hris\/#breadcrumb\",\"itemListElement\":[{\"@type\":\"ListItem\",\"position\":1,\"name\":\"Home\",\"item\":\"https:\/\/www.platfohrm.com\/fr\/\"},{\"@type\":\"ListItem\",\"position\":2,\"name\":\"HRIS\"}]},{\"@type\":\"WebSite\",\"@id\":\"https:\/\/www.platfohrm.com\/fr\/#website\",\"url\":\"https:\/\/www.platfohrm.com\/fr\/\",\"name\":\"Platfohrm\",\"description\":\"\",\"publisher\":{\"@id\":\"https:\/\/www.platfohrm.com\/fr\/#organization\"},\"potentialAction\":[{\"@type\":\"SearchAction\",\"target\":{\"@type\":\"EntryPoint\",\"urlTemplate\":\"https:\/\/www.platfohrm.com\/fr\/?s={search_term_string}\"},\"query-input\":{\"@type\":\"PropertyValueSpecification\",\"valueRequired\":true,\"valueName\":\"search_term_string\"}}],\"inLanguage\":\"fr-FR\"},{\"@type\":\"Organization\",\"@id\":\"https:\/\/www.platfohrm.com\/fr\/#organization\",\"name\":\"Platfohrm\",\"url\":\"https:\/\/www.platfohrm.com\/fr\/\",\"logo\":{\"@type\":\"ImageObject\",\"inLanguage\":\"fr-FR\",\"@id\":\"https:\/\/www.platfohrm.com\/fr\/#\/schema\/logo\/image\/\",\"url\":\"https:\/\/www.platfohrm.com\/wp-content\/uploads\/2020\/02\/Logo_Platfohrm_the_HR_ecosystem-removebg-preview.png\",\"contentUrl\":\"https:\/\/www.platfohrm.com\/wp-content\/uploads\/2020\/02\/Logo_Platfohrm_the_HR_ecosystem-removebg-preview.png\",\"width\":996,\"height\":250,\"caption\":\"Platfohrm\"},\"image\":{\"@id\":\"https:\/\/www.platfohrm.com\/fr\/#\/schema\/logo\/image\/\"},\"sameAs\":[\"https:\/\/www.linkedin.com\/company\/platfohrm1\"]}]}<\/script>\n<!-- \/ Yoast SEO plugin. -->","yoast_head_json":{"title":"HRIS - Platfohrm","robots":{"index":"index","follow":"follow","max-snippet":"max-snippet:-1","max-image-preview":"max-image-preview:large","max-video-preview":"max-video-preview:-1"},"canonical":"https:\/\/www.platfohrm.com\/fr\/hris\/","og_locale":"fr_FR","og_type":"article","og_title":"HRIS - Platfohrm","og_description":"HUMAN RESOURCE INFORMATION SYSTEM We bieden meer aan dan enkel HR-software, we hebben een kant en klare oplossing gebouwd aan de hand van best HR-practices. HRIS is een STANDAARDOPLOSSING opgebouwd op basis van 6 MODULES. Implementatie Digitaal personeelsdossier Alle personeelsgegevens digitaal op \u00e9\u00e9n centrale plaats GDPR proof! Online Op 1 plaats GDPR Proof E-Modeldocumenten Rapportering [&hellip;]","og_url":"https:\/\/www.platfohrm.com\/fr\/hris\/","og_site_name":"Platfohrm","article_modified_time":"2025-01-27T08:32:48+00:00","og_image":[{"url":"https:\/\/www.platfohrm.com\/wp-content\/uploads\/2024\/08\/PF2-300x224.jpg","type":"","width":"","height":""}],"twitter_card":"summary_large_image","twitter_misc":{"Dur\u00e9e de lecture estim\u00e9e":"1 minute"},"schema":{"@context":"https:\/\/schema.org","@graph":[{"@type":"WebPage","@id":"https:\/\/www.platfohrm.com\/hris\/","url":"https:\/\/www.platfohrm.com\/hris\/","name":"HRIS - Platfohrm","isPartOf":{"@id":"https:\/\/www.platfohrm.com\/fr\/#website"},"primaryImageOfPage":{"@id":"https:\/\/www.platfohrm.com\/hris\/#primaryimage"},"image":{"@id":"https:\/\/www.platfohrm.com\/hris\/#primaryimage"},"thumbnailUrl":"https:\/\/www.platfohrm.com\/wp-content\/uploads\/2024\/08\/PF2-300x224.jpg","datePublished":"2020-09-11T07:29:18+00:00","dateModified":"2025-01-27T08:32:48+00:00","breadcrumb":{"@id":"https:\/\/www.platfohrm.com\/hris\/#breadcrumb"},"inLanguage":"fr-FR","potentialAction":[{"@type":"ReadAction","target":["https:\/\/www.platfohrm.com\/hris\/"]}]},{"@type":"ImageObject","inLanguage":"fr-FR","@id":"https:\/\/www.platfohrm.com\/hris\/#primaryimage","url":"https:\/\/www.platfohrm.com\/wp-content\/uploads\/2024\/08\/PF2-300x224.jpg","contentUrl":"https:\/\/www.platfohrm.com\/wp-content\/uploads\/2024\/08\/PF2-300x224.jpg"},{"@type":"BreadcrumbList","@id":"https:\/\/www.platfohrm.com\/hris\/#breadcrumb","itemListElement":[{"@type":"ListItem","position":1,"name":"Home","item":"https:\/\/www.platfohrm.com\/fr\/"},{"@type":"ListItem","position":2,"name":"HRIS"}]},{"@type":"WebSite","@id":"https:\/\/www.platfohrm.com\/fr\/#website","url":"https:\/\/www.platfohrm.com\/fr\/","name":"Platfohrm","description":"","publisher":{"@id":"https:\/\/www.platfohrm.com\/fr\/#organization"},"potentialAction":[{"@type":"SearchAction","target":{"@type":"EntryPoint","urlTemplate":"https:\/\/www.platfohrm.com\/fr\/?s={search_term_string}"},"query-input":{"@type":"PropertyValueSpecification","valueRequired":true,"valueName":"search_term_string"}}],"inLanguage":"fr-FR"},{"@type":"Organization","@id":"https:\/\/www.platfohrm.com\/fr\/#organization","name":"Platfohrm","url":"https:\/\/www.platfohrm.com\/fr\/","logo":{"@type":"ImageObject","inLanguage":"fr-FR","@id":"https:\/\/www.platfohrm.com\/fr\/#\/schema\/logo\/image\/","url":"https:\/\/www.platfohrm.com\/wp-content\/uploads\/2020\/02\/Logo_Platfohrm_the_HR_ecosystem-removebg-preview.png","contentUrl":"https:\/\/www.platfohrm.com\/wp-content\/uploads\/2020\/02\/Logo_Platfohrm_the_HR_ecosystem-removebg-preview.png","width":996,"height":250,"caption":"Platfohrm"},"image":{"@id":"https:\/\/www.platfohrm.com\/fr\/#\/schema\/logo\/image\/"},"sameAs":["https:\/\/www.linkedin.com\/company\/platfohrm1"]}]}},"_links":{"self":[{"href":"https:\/\/www.platfohrm.com\/fr\/wp-json\/wp\/v2\/pages\/173","targetHints":{"allow":["GET"]}}],"collection":[{"href":"https:\/\/www.platfohrm.com\/fr\/wp-json\/wp\/v2\/pages"}],"about":[{"href":"https:\/\/www.platfohrm.com\/fr\/wp-json\/wp\/v2\/types\/page"}],"author":[{"embeddable":true,"href":"https:\/\/www.platfohrm.com\/fr\/wp-json\/wp\/v2\/users\/7"}],"replies":[{"embeddable":true,"href":"https:\/\/www.platfohrm.com\/fr\/wp-json\/wp\/v2\/comments?post=173"}],"version-history":[{"count":0,"href":"https:\/\/www.platfohrm.com\/fr\/wp-json\/wp\/v2\/pages\/173\/revisions"}],"wp:attachment":[{"href":"https:\/\/www.platfohrm.com\/fr\/wp-json\/wp\/v2\/media?parent=173"}],"curies":[{"name":"wp","href":"https:\/\/api.w.org\/{rel}","templated":true}]}}